{"id":1901,"date":"2026-01-28T15:43:47","date_gmt":"2026-01-28T15:43:47","guid":{"rendered":"https:\/\/www.la-lenotte.com\/plus-beaux-chateaux-perigord\/"},"modified":"2026-02-16T14:37:15","modified_gmt":"2026-02-16T14:37:15","slug":"castles-perigord","status":"publish","type":"page","link":"https:\/\/www.la-lenotte.com\/en\/dordogne-tourism\/castles-perigord\/","title":{"rendered":"Tour of the most beautiful castles in P\u00e9rigord"},"content":{"rendered":"","protected":false},"excerpt":{"rendered":"","protected":false},"author":2,"featured_media":0,"parent":1958,"menu_order":0,"comment_status":"closed","ping_status":"closed","template":"","meta":{"_acf_changed":false,"footnotes":""},"class_list":["post-1901","page","type-page","status-publish","hentry"],"acf":[],"yoast_head":"<!-- This site is optimized with the Yoast SEO plugin v27.3 - https:\/\/yoast.com\/product\/yoast-seo-wordpress\/ -->\n<title>The 13 most beautiful castles in P\u00e9rigord to visit during your stay<\/title>\n<meta name=\"description\" content=\"The Dordogne is full of wonders, including numerous castles in the P\u00e9rigord region. Would you like to discover the vestiges of history? Here are the most beautiful castles in the P\u00e9rigord.\" \/>\n<meta name=\"robots\" content=\"index, follow, max-snippet:-1, max-image-preview:large, max-video-preview:-1\" \/>\n<link rel=\"canonical\" href=\"https:\/\/www.la-lenotte.com\/en\/dordogne-tourism\/castles-perigord\/\" \/>\n<meta property=\"og:locale\" content=\"en_US\" \/>\n<meta property=\"og:type\" content=\"article\" \/>\n<meta property=\"og:title\" content=\"The 13 most beautiful castles in P\u00e9rigord to visit during your stay\" \/>\n<meta property=\"og:description\" content=\"The Dordogne is full of wonders, including numerous castles in the P\u00e9rigord region. Would you like to discover the vestiges of history? Here are the most beautiful castles in the P\u00e9rigord.\" \/>\n<meta property=\"og:url\" content=\"https:\/\/www.la-lenotte.com\/en\/dordogne-tourism\/castles-perigord\/\" \/>\n<meta property=\"og:site_name\" content=\"Camping La Lenotte\" \/>\n<meta property=\"article:publisher\" content=\"https:\/\/www.facebook.com\/CampingLaLenotte\/\" \/>\n<meta property=\"article:modified_time\" content=\"2026-02-16T14:37:15+00:00\" \/>\n<meta property=\"og:image\" content=\"https:\/\/www.la-lenotte.com\/wp-content\/uploads\/2026\/02\/camping-la-lenotte.jpg\" \/>\n\t<meta property=\"og:image:width\" content=\"1200\" \/>\n\t<meta property=\"og:image:height\" content=\"675\" \/>\n\t<meta property=\"og:image:type\" content=\"image\/jpeg\" \/>\n<meta name=\"twitter:card\" content=\"summary_large_image\" \/>\n<script type=\"application\/ld+json\" class=\"yoast-schema-graph\">{\"@context\":\"https:\\\/\\\/schema.org\",\"@graph\":[{\"@type\":\"WebPage\",\"@id\":\"https:\\\/\\\/www.la-lenotte.com\\\/en\\\/dordogne-tourism\\\/castles-perigord\\\/\",\"url\":\"https:\\\/\\\/www.la-lenotte.com\\\/en\\\/dordogne-tourism\\\/castles-perigord\\\/\",\"name\":\"The 13 most beautiful castles in P\u00e9rigord to visit during your stay\",\"isPartOf\":{\"@id\":\"https:\\\/\\\/www.la-lenotte.com\\\/en\\\/#website\"},\"datePublished\":\"2026-01-28T15:43:47+00:00\",\"dateModified\":\"2026-02-16T14:37:15+00:00\",\"description\":\"The Dordogne is full of wonders, including numerous castles in the P\u00e9rigord region. Would you like to discover the vestiges of history? Here are the most beautiful castles in the P\u00e9rigord.\",\"breadcrumb\":{\"@id\":\"https:\\\/\\\/www.la-lenotte.com\\\/en\\\/dordogne-tourism\\\/castles-perigord\\\/#breadcrumb\"},\"inLanguage\":\"en-US\",\"potentialAction\":[{\"@type\":\"ReadAction\",\"target\":[\"https:\\\/\\\/www.la-lenotte.com\\\/en\\\/dordogne-tourism\\\/castles-perigord\\\/\"]}]},{\"@type\":\"BreadcrumbList\",\"@id\":\"https:\\\/\\\/www.la-lenotte.com\\\/en\\\/dordogne-tourism\\\/castles-perigord\\\/#breadcrumb\",\"itemListElement\":[{\"@type\":\"ListItem\",\"position\":1,\"name\":\"Home\",\"item\":\"https:\\\/\\\/www.la-lenotte.com\\\/en\\\/\"},{\"@type\":\"ListItem\",\"position\":2,\"name\":\"Tour of the most beautiful castles in P\u00e9rigord\"}]},{\"@type\":\"WebSite\",\"@id\":\"https:\\\/\\\/www.la-lenotte.com\\\/en\\\/#website\",\"url\":\"https:\\\/\\\/www.la-lenotte.com\\\/en\\\/\",\"name\":\"Camping La Lenotte\",\"description\":\"Camping 3 \u00e9toiles en P\u00e9rigord Noir - Dordogne\",\"publisher\":{\"@id\":\"https:\\\/\\\/www.la-lenotte.com\\\/en\\\/#organization\"},\"potentialAction\":[{\"@type\":\"SearchAction\",\"target\":{\"@type\":\"EntryPoint\",\"urlTemplate\":\"https:\\\/\\\/www.la-lenotte.com\\\/en\\\/?s={search_term_string}\"},\"query-input\":{\"@type\":\"PropertyValueSpecification\",\"valueRequired\":true,\"valueName\":\"search_term_string\"}}],\"inLanguage\":\"en-US\"},{\"@type\":\"Organization\",\"@id\":\"https:\\\/\\\/www.la-lenotte.com\\\/en\\\/#organization\",\"name\":\"Camping La Lenotte\",\"url\":\"https:\\\/\\\/www.la-lenotte.com\\\/en\\\/\",\"logo\":{\"@type\":\"ImageObject\",\"inLanguage\":\"en-US\",\"@id\":\"https:\\\/\\\/www.la-lenotte.com\\\/en\\\/#\\\/schema\\\/logo\\\/image\\\/\",\"url\":\"https:\\\/\\\/www.la-lenotte.com\\\/wp-content\\\/uploads\\\/2026\\\/02\\\/Lenotte-logo.jpg\",\"contentUrl\":\"https:\\\/\\\/www.la-lenotte.com\\\/wp-content\\\/uploads\\\/2026\\\/02\\\/Lenotte-logo.jpg\",\"width\":696,\"height\":696,\"caption\":\"Camping La Lenotte\"},\"image\":{\"@id\":\"https:\\\/\\\/www.la-lenotte.com\\\/en\\\/#\\\/schema\\\/logo\\\/image\\\/\"},\"sameAs\":[\"https:\\\/\\\/www.facebook.com\\\/CampingLaLenotte\\\/\",\"https:\\\/\\\/www.youtube.com\\\/channel\\\/UCNNIlelNWkC-pIN9kz7RnKw\",\"https:\\\/\\\/www.instagram.com\\\/campinglalenotte\\\/\"]}]}<\/script>\n<!-- \/ Yoast SEO plugin. -->","yoast_head_json":{"title":"The 13 most beautiful castles in P\u00e9rigord to visit during your stay","description":"The Dordogne is full of wonders, including numerous castles in the P\u00e9rigord region. Would you like to discover the vestiges of history? Here are the most beautiful castles in the P\u00e9rigord.","robots":{"index":"index","follow":"follow","max-snippet":"max-snippet:-1","max-image-preview":"max-image-preview:large","max-video-preview":"max-video-preview:-1"},"canonical":"https:\/\/www.la-lenotte.com\/en\/dordogne-tourism\/castles-perigord\/","og_locale":"en_US","og_type":"article","og_title":"The 13 most beautiful castles in P\u00e9rigord to visit during your stay","og_description":"The Dordogne is full of wonders, including numerous castles in the P\u00e9rigord region. Would you like to discover the vestiges of history? Here are the most beautiful castles in the P\u00e9rigord.","og_url":"https:\/\/www.la-lenotte.com\/en\/dordogne-tourism\/castles-perigord\/","og_site_name":"Camping La Lenotte","article_publisher":"https:\/\/www.facebook.com\/CampingLaLenotte\/","article_modified_time":"2026-02-16T14:37:15+00:00","og_image":[{"width":1200,"height":675,"url":"https:\/\/www.la-lenotte.com\/wp-content\/uploads\/2026\/02\/camping-la-lenotte.jpg","type":"image\/jpeg"}],"twitter_card":"summary_large_image","schema":{"@context":"https:\/\/schema.org","@graph":[{"@type":"WebPage","@id":"https:\/\/www.la-lenotte.com\/en\/dordogne-tourism\/castles-perigord\/","url":"https:\/\/www.la-lenotte.com\/en\/dordogne-tourism\/castles-perigord\/","name":"The 13 most beautiful castles in P\u00e9rigord to visit during your stay","isPartOf":{"@id":"https:\/\/www.la-lenotte.com\/en\/#website"},"datePublished":"2026-01-28T15:43:47+00:00","dateModified":"2026-02-16T14:37:15+00:00","description":"The Dordogne is full of wonders, including numerous castles in the P\u00e9rigord region. Would you like to discover the vestiges of history? Here are the most beautiful castles in the P\u00e9rigord.","breadcrumb":{"@id":"https:\/\/www.la-lenotte.com\/en\/dordogne-tourism\/castles-perigord\/#breadcrumb"},"inLanguage":"en-US","potentialAction":[{"@type":"ReadAction","target":["https:\/\/www.la-lenotte.com\/en\/dordogne-tourism\/castles-perigord\/"]}]},{"@type":"BreadcrumbList","@id":"https:\/\/www.la-lenotte.com\/en\/dordogne-tourism\/castles-perigord\/#breadcrumb","itemListElement":[{"@type":"ListItem","position":1,"name":"Home","item":"https:\/\/www.la-lenotte.com\/en\/"},{"@type":"ListItem","position":2,"name":"Tour of the most beautiful castles in P\u00e9rigord"}]},{"@type":"WebSite","@id":"https:\/\/www.la-lenotte.com\/en\/#website","url":"https:\/\/www.la-lenotte.com\/en\/","name":"Camping La Lenotte","description":"Camping 3 \u00e9toiles en P\u00e9rigord Noir - Dordogne","publisher":{"@id":"https:\/\/www.la-lenotte.com\/en\/#organization"},"potentialAction":[{"@type":"SearchAction","target":{"@type":"EntryPoint","urlTemplate":"https:\/\/www.la-lenotte.com\/en\/?s={search_term_string}"},"query-input":{"@type":"PropertyValueSpecification","valueRequired":true,"valueName":"search_term_string"}}],"inLanguage":"en-US"},{"@type":"Organization","@id":"https:\/\/www.la-lenotte.com\/en\/#organization","name":"Camping La Lenotte","url":"https:\/\/www.la-lenotte.com\/en\/","logo":{"@type":"ImageObject","inLanguage":"en-US","@id":"https:\/\/www.la-lenotte.com\/en\/#\/schema\/logo\/image\/","url":"https:\/\/www.la-lenotte.com\/wp-content\/uploads\/2026\/02\/Lenotte-logo.jpg","contentUrl":"https:\/\/www.la-lenotte.com\/wp-content\/uploads\/2026\/02\/Lenotte-logo.jpg","width":696,"height":696,"caption":"Camping La Lenotte"},"image":{"@id":"https:\/\/www.la-lenotte.com\/en\/#\/schema\/logo\/image\/"},"sameAs":["https:\/\/www.facebook.com\/CampingLaLenotte\/","https:\/\/www.youtube.com\/channel\/UCNNIlelNWkC-pIN9kz7RnKw","https:\/\/www.instagram.com\/campinglalenotte\/"]}]}},"_links":{"self":[{"href":"https:\/\/www.la-lenotte.com\/en\/wp-json\/wp\/v2\/pages\/1901","targetHints":{"allow":["GET"]}}],"collection":[{"href":"https:\/\/www.la-lenotte.com\/en\/wp-json\/wp\/v2\/pages"}],"about":[{"href":"https:\/\/www.la-lenotte.com\/en\/wp-json\/wp\/v2\/types\/page"}],"author":[{"embeddable":true,"href":"https:\/\/www.la-lenotte.com\/en\/wp-json\/wp\/v2\/users\/2"}],"replies":[{"embeddable":true,"href":"https:\/\/www.la-lenotte.com\/en\/wp-json\/wp\/v2\/comments?post=1901"}],"version-history":[{"count":2,"href":"https:\/\/www.la-lenotte.com\/en\/wp-json\/wp\/v2\/pages\/1901\/revisions"}],"predecessor-version":[{"id":1903,"href":"https:\/\/www.la-lenotte.com\/en\/wp-json\/wp\/v2\/pages\/1901\/revisions\/1903"}],"up":[{"embeddable":true,"href":"https:\/\/www.la-lenotte.com\/en\/wp-json\/wp\/v2\/pages\/1958"}],"wp:attachment":[{"href":"https:\/\/www.la-lenotte.com\/en\/wp-json\/wp\/v2\/media?parent=1901"}],"curies":[{"name":"wp","href":"https:\/\/api.w.org\/{rel}","templated":true}]}}